{"id":6459,"date":"2022-01-17T09:00:09","date_gmt":"2022-01-17T09:00:09","guid":{"rendered":"http:\/\/krieger-ie.de\/?page_id=6459"},"modified":"2022-04-18T19:06:37","modified_gmt":"2022-04-18T19:06:37","slug":"photovoltaik","status":"publish","type":"page","link":"https:\/\/krieger-ie.de\/index.php\/photovoltaik\/","title":{"rendered":"Photovoltaik"},"content":{"rendered":"[vc_row type=&#8220;full_width_background&#8220; full_screen_row_position=&#8220;middle&#8220; column_margin=&#8220;default&#8220; column_direction=&#8220;default&#8220; column_direction_tablet=&#8220;default&#8220; column_direction_phone=&#8220;default&#8220; bg_color=&#8220;#ffffff&#8220; bg_image=&#8220;6656&#8243; bg_position=&#8220;center center&#8220; bg_repeat=&#8220;no-repeat&#8220; scene_position=&#8220;center&#8220; top_padding=&#8220;4%&#8220; bottom_padding=&#8220;4%&#8220; text_color=&#8220;light&#8220; text_align=&#8220;left&#8220; row_border_radius=&#8220;none&#8220; row_border_radius_applies=&#8220;bg&#8220; class=&#8220;startseite&#8220; id=&#8220;startseite&#8220; color_overlay=&#8220;#0a0a0a&#8220; overlay_strength=&#8220;0.5&#8243; gradient_direction=&#8220;left_to_right&#8220; shape_divider_position=&#8220;bottom&#8220; bg_image_animation=&#8220;none&#8220; parallax_bg=&#8220;true&#8220; parallax_bg_speed=&#8220;fast&#8220; shape_type=&#8220;&#8220;][vc_column column_padding=&#8220;no-extra-padding&#8220; column_padding_tablet=&#8220;inherit&#8220; column_padding_phone=&#8220;inherit&#8220; column_padding_position=&#8220;all&#8220; background_color_opacity=&#8220;1&#8243; background_hover_color_opacity=&#8220;1&#8243; column_shadow=&#8220;none&#8220; column_border_radius=&#8220;none&#8220; column_link_target=&#8220;_self&#8220; gradient_direction=&#8220;left_to_right&#8220; overlay_strength=&#8220;0.3&#8243; width=&#8220;1\/1&#8243; tablet_width_inherit=&#8220;default&#8220; tablet_text_alignment=&#8220;default&#8220; phone_text_alignment=&#8220;default&#8220; column_border_width=&#8220;none&#8220; column_border_style=&#8220;solid&#8220; bg_image_animation=&#8220;none&#8220;][vc_row_inner equal_height=&#8220;yes&#8220; content_placement=&#8220;middle&#8220; column_margin=&#8220;default&#8220; column_direction=&#8220;default&#8220; column_direction_tablet=&#8220;default&#8220; column_direction_phone=&#8220;default&#8220; top_padding=&#8220;15%&#8220; bottom_padding=&#8220;14%&#8220; text_align=&#8220;left&#8220;][vc_column_inner column_padding=&#8220;no-extra-padding&#8220; column_padding_tablet=&#8220;inherit&#8220; column_padding_phone=&#8220;inherit&#8220; column_padding_position=&#8220;all&#8220; background_color_opacity=&#8220;1&#8243; background_hover_color_opacity=&#8220;1&#8243; column_shadow=&#8220;none&#8220; column_border_radius=&#8220;none&#8220; column_link_target=&#8220;_self&#8220; gradient_direction=&#8220;left_to_right&#8220; overlay_strength=&#8220;0.3&#8243; width=&#8220;1\/2&#8243; tablet_width_inherit=&#8220;default&#8220; column_border_width=&#8220;none&#8220; column_border_style=&#8220;solid&#8220; bg_image_animation=&#8220;none&#8220; enable_animation=&#8220;true&#8220; animation=&#8220;fade-in&#8220; offset=&#8220;vc_col-lg-6 vc_col-md-6 vc_col-xs-12&#8243;][split_line_heading animation_type=&#8220;default&#8220;]\n<h2>Photovoltaik<\/h2>\n[\/split_line_heading][\/vc_column_inner][vc_column_inner column_padding=&#8220;no-extra-padding&#8220; column_padding_tablet=&#8220;inherit&#8220; column_padding_phone=&#8220;inherit&#8220; column_padding_position=&#8220;all&#8220; background_color_opacity=&#8220;1&#8243; background_hover_color_opacity=&#8220;1&#8243; column_shadow=&#8220;none&#8220; column_border_radius=&#8220;none&#8220; column_link_target=&#8220;_self&#8220; gradient_direction=&#8220;left_to_right&#8220; overlay_strength=&#8220;0.3&#8243; width=&#8220;1\/4&#8243; tablet_width_inherit=&#8220;default&#8220; column_border_width=&#8220;none&#8220; column_border_style=&#8220;solid&#8220; bg_image_animation=&#8220;none&#8220; offset=&#8220;vc_hidden-sm vc_hidden-xs&#8220;][vc_custom_heading text=&#8220;&#8220; google_fonts=&#8220;font_family:Roboto%3A100%2C100italic%2C300%2C300italic%2Cregular%2Citalic%2C500%2C500italic%2C700%2C700italic%2C900%2C900italic|font_style:100%20light%20regular%3A100%3Anormal&#8220;][\/vc_column_inner][vc_column_inner column_padding=&#8220;padding-6-percent&#8220; column_padding_tablet=&#8220;inherit&#8220; column_padding_phone=&#8220;inherit&#8220; column_padding_position=&#8220;bottom&#8220; background_color_opacity=&#8220;1&#8243; background_hover_color_opacity=&#8220;1&#8243; column_shadow=&#8220;none&#8220; column_border_radius=&#8220;none&#8220; column_link_target=&#8220;_self&#8220; gradient_direction=&#8220;left_to_right&#8220; overlay_strength=&#8220;0.3&#8243; width=&#8220;1\/4&#8243; tablet_width_inherit=&#8220;default&#8220; column_border_width=&#8220;none&#8220; column_border_style=&#8220;solid&#8220; bg_image_animation=&#8220;none&#8220; enable_animation=&#8220;true&#8220; animation=&#8220;fade-in-from-bottom&#8220; offset=&#8220;vc_col-xs-12&#8243;][\/vc_column_inner][\/vc_row_inner][\/vc_column][\/vc_row][vc_row type=&#8220;full_width_background&#8220; full_screen_row_position=&#8220;middle&#8220; column_margin=&#8220;default&#8220; equal_height=&#8220;yes&#8220; content_placement=&#8220;top&#8220; column_direction=&#8220;default&#8220; column_direction_tablet=&#8220;default&#8220; column_direction_phone=&#8220;default&#8220; bg_color=&#8220;#ffffff&#8220; scene_position=&#8220;center&#8220; top_padding=&#8220;10%&#8220; bottom_padding=&#8220;10%&#8220; text_color=&#8220;dark&#8220; text_align=&#8220;left&#8220; row_border_radius=&#8220;none&#8220; row_border_radius_applies=&#8220;bg&#8220; overlay_strength=&#8220;0.3&#8243; gradient_direction=&#8220;left_to_right&#8220; shape_divider_position=&#8220;bottom&#8220; bg_image_animation=&#8220;none&#8220; shape_type=&#8220;&#8220;][vc_column column_padding=&#8220;padding-3-percent&#8220; column_padding_tablet=&#8220;inherit&#8220; column_padding_phone=&#8220;inherit&#8220; column_padding_position=&#8220;right&#8220; background_color_opacity=&#8220;1&#8243; background_hover_color_opacity=&#8220;1&#8243; column_shadow=&#8220;none&#8220; column_border_radius=&#8220;none&#8220; column_link_target=&#8220;_self&#8220; gradient_direction=&#8220;left_to_right&#8220; overlay_strength=&#8220;0.3&#8243; width=&#8220;1\/1&#8243; tablet_width_inherit=&#8220;default&#8220; tablet_text_alignment=&#8220;default&#8220; phone_text_alignment=&#8220;default&#8220; column_border_width=&#8220;none&#8220; column_border_style=&#8220;solid&#8220; bg_image_animation=&#8220;none&#8220; enable_animation=&#8220;true&#8220; animation=&#8220;fade-in-from-bottom&#8220;][vc_row_inner column_margin=&#8220;default&#8220; column_direction=&#8220;default&#8220; column_direction_tablet=&#8220;default&#8220; column_direction_phone=&#8220;default&#8220; bottom_padding=&#8220;60&#8243; text_align=&#8220;left&#8220;][vc_column_inner column_padding=&#8220;no-extra-padding&#8220; column_padding_tablet=&#8220;inherit&#8220; column_padding_phone=&#8220;inherit&#8220; column_padding_position=&#8220;all&#8220; background_color_opacity=&#8220;1&#8243; background_hover_color_opacity=&#8220;1&#8243; column_shadow=&#8220;none&#8220; column_border_radius=&#8220;none&#8220; column_link_target=&#8220;_self&#8220; gradient_direction=&#8220;left_to_right&#8220; overlay_strength=&#8220;0.3&#8243; width=&#8220;1\/2&#8243; tablet_width_inherit=&#8220;default&#8220; column_border_width=&#8220;none&#8220; column_border_style=&#8220;solid&#8220; bg_image_animation=&#8220;none&#8220;][vc_column_text css_animation=&#8220;none&#8220;]\n<h4><img decoding=\"async\" class=\"alignnone size-full wp-image-7075 lazyload\" data-src=\"https:\/\/krieger-ie.de\/wp-content\/uploads\/2022\/03\/PHOTOVOLTAIK_Pict-1.png\" alt=\"\" width=\"72\" height=\"71\" src=\"data:image\/svg+xml;base64,PHN2ZyB3aWR0aD0iMSIgaGVpZ2h0PSIxIiB4bWxucz0iaHR0cDovL3d3dy53My5vcmcvMjAwMC9zdmciPjwvc3ZnPg==\" style=\"--smush-placeholder-width: 72px; --smush-placeholder-aspect-ratio: 72\/71;\" \/>Die Sonne direkt als Energielieferant zu nutzen ist auch in Deutschland m\u00f6glich! Wie beraten, planen und setzen diese nachhaltige und umweltfreundliche Alternative zur Atomkraft f\u00fcr Sie um.<\/h4>\n<h4>Der Strom wird in den Solarzellen mit dem sog. photoelektrischen Effekt produziert und liefert Ihnen \u00fcber Jahre eine vielfach getestete und somit bew\u00e4hrte Stromgewinnungsalternative. Die Umr\u00fcstung auf eine Photovoltaikanlage ist ein Zukunftsinvestition, die sowohl f\u00fcr Privatobjekte (Ein- oder Mehrfamilienh\u00e4user) als auch f\u00fcr Unternehmen interessant sein kann. Zudem bedeutet die Nutzung der Sonne auch eine Verringerung der Abh\u00e4ngigkeit zur klassischen Stromversorgung.<\/h4>\n<h4>In einem pers\u00f6nlichen Gespr\u00e4ch bringen wir Ihnen die Vorteile n\u00e4her und pr\u00fcfen die vielf\u00e4ltigen M\u00f6glichkeiten bei Ihnen vor Ort.<\/h4>\n[\/vc_column_text][nectar_btn size=&#8220;large&#8220; button_style=&#8220;see-through-2&#8243; hover_color_override=&#8220;#3367b0&#8243; hover_text_color_override=&#8220;#ffffff&#8220; icon_family=&#8220;none&#8220; margin_top=&#8220;25&#8243; text=&#8220;Kontakt&#8220;][divider line_type=&#8220;No Line&#8220; custom_height=&#8220;5&#8243;][vc_column_text css_animation=&#8220;none&#8220;]\n<h4>\u00dcbrigens wir sind Servicepartner von <strong>myenergi<\/strong>, \u2013 der Marke f\u00fcr intelligente Systeml\u00f6sungen, die in jeden Haushalt passen und Erneuerbare Energien direkt nutzbar und die Daten ablesbar machen. Sei es von der Stromgewinnung der Solaranlage auf dem Hausdach, \u00fcber die aktuelle Ladedauer Ihres Fahrzeugs bis zum Stromverbrauch im Haushalt.<\/h4>\n[\/vc_column_text][divider line_type=&#8220;No Line&#8220; custom_height=&#8220;100&#8243;][\/vc_column_inner][vc_column_inner column_padding=&#8220;no-extra-padding&#8220; column_padding_tablet=&#8220;inherit&#8220; column_padding_phone=&#8220;inherit&#8220; column_padding_position=&#8220;all&#8220; centered_text=&#8220;true&#8220; background_color_opacity=&#8220;1&#8243; background_hover_color_opacity=&#8220;1&#8243; column_shadow=&#8220;none&#8220; column_border_radius=&#8220;none&#8220; column_link_target=&#8220;_self&#8220; gradient_direction=&#8220;left_to_right&#8220; overlay_strength=&#8220;0.3&#8243; width=&#8220;1\/2&#8243; tablet_width_inherit=&#8220;default&#8220; column_border_width=&#8220;none&#8220; column_border_style=&#8220;solid&#8220; bg_image_animation=&#8220;none&#8220;][nectar_cascading_images image_1_url=&#8220;6905&#8243; image_1_offset_x_sign=&#8220;+&#8220; image_1_offset_x=&#8220;35%&#8220; image_1_offset_y_sign=&#8220;-&#8220; image_1_offset_y=&#8220;95%&#8220; image_1_rotate_sign=&#8220;+&#8220; image_1_rotate=&#8220;none&#8220; image_1_scale=&#8220;2.5&#8243; image_1_animation=&#8220;Grow In&#8220; image_1_box_shadow=&#8220;none&#8220; image_1_padding=&#8220;auto&#8220; image_1_max_width_desktop=&#8220;100%&#8220; image_1_max_width_mobile=&#8220;100%&#8220; image_1_image_width_mobile=&#8220;default&#8220; image_2_url=&#8220;6904&#8243; image_2_offset_x_sign=&#8220;-&#8220; image_2_offset_x=&#8220;25%&#8220; image_2_offset_y_sign=&#8220;+&#8220; image_2_offset_y=&#8220;10%&#8220; image_2_rotate_sign=&#8220;+&#8220; image_2_rotate=&#8220;none&#8220; image_2_scale=&#8220;1.7&#8243; image_2_animation=&#8220;Grow In&#8220; image_2_box_shadow=&#8220;x_large_depth&#8220; image_2_padding=&#8220;auto&#8220; image_2_max_width_desktop=&#8220;100%&#8220; image_2_max_width_mobile=&#8220;100%&#8220; image_2_image_width_mobile=&#8220;default&#8220; image_3_url=&#8220;6950&#8243; image_3_bg_color=&#8220;#ffffff&#8220; image_3_offset_x_sign=&#8220;+&#8220; image_3_offset_x=&#8220;100%&#8220; image_3_offset_y_sign=&#8220;+&#8220; image_3_offset_y=&#8220;20%&#8220; image_3_rotate_sign=&#8220;+&#8220; image_3_rotate=&#8220;none&#8220; image_3_scale=&#8220;1.1&#8243; image_3_animation=&#8220;Fade In From Bottom&#8220; image_3_box_shadow=&#8220;small_depth&#8220; image_3_padding=&#8220;auto&#8220; image_3_max_width_desktop=&#8220;100%&#8220; image_3_max_width_mobile=&#8220;100%&#8220; image_3_image_width_mobile=&#8220;default&#8220; image_4_offset_x_sign=&#8220;+&#8220; image_4_offset_x=&#8220;100%&#8220; image_4_offset_y_sign=&#8220;+&#8220; image_4_offset_y=&#8220;20%&#8220; image_4_rotate_sign=&#8220;+&#8220; image_4_rotate=&#8220;none&#8220; image_4_scale=&#8220;1.1&#8243; image_4_animation=&#8220;None&#8220; image_4_box_shadow=&#8220;none&#8220; image_4_padding=&#8220;auto&#8220; image_4_max_width_desktop=&#8220;100%&#8220; image_4_max_width_mobile=&#8220;100%&#8220; image_4_image_width_mobile=&#8220;default&#8220; border_radius=&#8220;20px&#8220; image_loading=&#8220;default&#8220;][image_with_animation image_url=&#8220;6999&#8243; animation=&#8220;Fade In&#8220; hover_animation=&#8220;none&#8220; alignment=&#8220;&#8220; border_radius=&#8220;20px&#8220; box_shadow=&#8220;small_depth&#8220; image_loading=&#8220;default&#8220; max_width=&#8220;100%&#8220; max_width_mobile=&#8220;default&#8220; delay=&#8220;50&#8243; margin_left=&#8220;30&#8243;][\/vc_column_inner][\/vc_row_inner][\/vc_column][\/vc_row]\n","protected":false},"excerpt":{"rendered":"<p>[vc_row type=&#8220;full_width_background&#8220; full_screen_row_position=&#8220;middle&#8220; column_margin=&#8220;default&#8220; column_direction=&#8220;default&#8220; column_direction_tablet=&#8220;default&#8220; column_direction_phone=&#8220;default&#8220; bg_color=&#8220;#ffffff&#8220; bg_image=&#8220;6656&#8243; bg_position=&#8220;center center&#8220; bg_repeat=&#8220;no-repeat&#8220; scene_position=&#8220;center&#8220; top_padding=&#8220;4%&#8220; bottom_padding=&#8220;4%&#8220;&#8230;<\/p>\n","protected":false},"author":2,"featured_media":0,"parent":0,"menu_order":10,"comment_status":"closed","ping_status":"closed","template":"","meta":{"footnotes":""},"class_list":["post-6459","page","type-page","status-publish"],"yoast_head":"<!-- This site is optimized with the Yoast SEO plugin v25.7 - https:\/\/yoast.com\/wordpress\/plugins\/seo\/ -->\n<title>Photovoltaik - MKE GmbH - Elektrotechnik Meisterbetrieb<\/title>\n<meta name=\"robots\" content=\"index, follow, max-snippet:-1, max-image-preview:large, max-video-preview:-1\" \/>\n<link rel=\"canonical\" href=\"https:\/\/krieger-ie.de\/index.php\/photovoltaik\/\" \/>\n<meta property=\"og:locale\" content=\"de_DE\" \/>\n<meta property=\"og:type\" content=\"article\" \/>\n<meta property=\"og:title\" content=\"Photovoltaik - MKE GmbH - Elektrotechnik Meisterbetrieb\" \/>\n<meta property=\"og:description\" content=\"[vc_row type=&#8220;full_width_background&#8220; full_screen_row_position=&#8220;middle&#8220; column_margin=&#8220;default&#8220; column_direction=&#8220;default&#8220; column_direction_tablet=&#8220;default&#8220; column_direction_phone=&#8220;default&#8220; bg_color=&#8220;#ffffff&#8220; bg_image=&#8220;6656&#8243; bg_position=&#8220;center center&#8220; bg_repeat=&#8220;no-repeat&#8220; scene_position=&#8220;center&#8220; top_padding=&#8220;4%&#8220; bottom_padding=&#8220;4%&#8220;...\" \/>\n<meta property=\"og:url\" content=\"https:\/\/krieger-ie.de\/index.php\/photovoltaik\/\" \/>\n<meta property=\"og:site_name\" content=\"MKE GmbH - Elektrotechnik Meisterbetrieb\" \/>\n<meta property=\"article:modified_time\" content=\"2022-04-18T19:06:37+00:00\" \/>\n<meta property=\"og:image\" content=\"https:\/\/krieger-ie.de\/wp-content\/uploads\/2022\/03\/PHOTOVOLTAIK_Pict-1.png\" \/>\n<meta name=\"twitter:card\" content=\"summary_large_image\" \/>\n<meta name=\"twitter:label1\" content=\"Gesch\u00e4tzte Lesezeit\" \/>\n\t<meta name=\"twitter:data1\" content=\"3\u00a0Minuten\" \/>\n<script type=\"application\/ld+json\" class=\"yoast-schema-graph\">{\"@context\":\"https:\/\/schema.org\",\"@graph\":[{\"@type\":\"WebPage\",\"@id\":\"https:\/\/krieger-ie.de\/index.php\/photovoltaik\/\",\"url\":\"https:\/\/krieger-ie.de\/index.php\/photovoltaik\/\",\"name\":\"Photovoltaik - MKE GmbH - Elektrotechnik Meisterbetrieb\",\"isPartOf\":{\"@id\":\"https:\/\/krieger-ie.de\/#website\"},\"primaryImageOfPage\":{\"@id\":\"https:\/\/krieger-ie.de\/index.php\/photovoltaik\/#primaryimage\"},\"image\":{\"@id\":\"https:\/\/krieger-ie.de\/index.php\/photovoltaik\/#primaryimage\"},\"thumbnailUrl\":\"https:\/\/krieger-ie.de\/wp-content\/uploads\/2022\/03\/PHOTOVOLTAIK_Pict-1.png\",\"datePublished\":\"2022-01-17T09:00:09+00:00\",\"dateModified\":\"2022-04-18T19:06:37+00:00\",\"breadcrumb\":{\"@id\":\"https:\/\/krieger-ie.de\/index.php\/photovoltaik\/#breadcrumb\"},\"inLanguage\":\"de\",\"potentialAction\":[{\"@type\":\"ReadAction\",\"target\":[\"https:\/\/krieger-ie.de\/index.php\/photovoltaik\/\"]}]},{\"@type\":\"ImageObject\",\"inLanguage\":\"de\",\"@id\":\"https:\/\/krieger-ie.de\/index.php\/photovoltaik\/#primaryimage\",\"url\":\"https:\/\/krieger-ie.de\/wp-content\/uploads\/2022\/03\/PHOTOVOLTAIK_Pict-1.png\",\"contentUrl\":\"https:\/\/krieger-ie.de\/wp-content\/uploads\/2022\/03\/PHOTOVOLTAIK_Pict-1.png\",\"width\":72,\"height\":71},{\"@type\":\"BreadcrumbList\",\"@id\":\"https:\/\/krieger-ie.de\/index.php\/photovoltaik\/#breadcrumb\",\"itemListElement\":[{\"@type\":\"ListItem\",\"position\":1,\"name\":\"Home\",\"item\":\"https:\/\/krieger-ie.de\/\"},{\"@type\":\"ListItem\",\"position\":2,\"name\":\"Photovoltaik\"}]},{\"@type\":\"WebSite\",\"@id\":\"https:\/\/krieger-ie.de\/#website\",\"url\":\"https:\/\/krieger-ie.de\/\",\"name\":\"MKE GmbH - Elektrotechnik Meisterbetrieb\",\"description\":\"H\u00f6heischweiler, Pirmasens, Zweibr\u00fccken und in der Westpfalz\",\"potentialAction\":[{\"@type\":\"SearchAction\",\"target\":{\"@type\":\"EntryPoint\",\"urlTemplate\":\"https:\/\/krieger-ie.de\/?s={search_term_string}\"},\"query-input\":{\"@type\":\"PropertyValueSpecification\",\"valueRequired\":true,\"valueName\":\"search_term_string\"}}],\"inLanguage\":\"de\"}]}<\/script>\n<!-- \/ Yoast SEO plugin. -->","yoast_head_json":{"title":"Photovoltaik - MKE GmbH - Elektrotechnik Meisterbetrieb","robots":{"index":"index","follow":"follow","max-snippet":"max-snippet:-1","max-image-preview":"max-image-preview:large","max-video-preview":"max-video-preview:-1"},"canonical":"https:\/\/krieger-ie.de\/index.php\/photovoltaik\/","og_locale":"de_DE","og_type":"article","og_title":"Photovoltaik - MKE GmbH - Elektrotechnik Meisterbetrieb","og_description":"[vc_row type=&#8220;full_width_background&#8220; full_screen_row_position=&#8220;middle&#8220; column_margin=&#8220;default&#8220; column_direction=&#8220;default&#8220; column_direction_tablet=&#8220;default&#8220; column_direction_phone=&#8220;default&#8220; bg_color=&#8220;#ffffff&#8220; bg_image=&#8220;6656&#8243; bg_position=&#8220;center center&#8220; bg_repeat=&#8220;no-repeat&#8220; scene_position=&#8220;center&#8220; top_padding=&#8220;4%&#8220; bottom_padding=&#8220;4%&#8220;...","og_url":"https:\/\/krieger-ie.de\/index.php\/photovoltaik\/","og_site_name":"MKE GmbH - Elektrotechnik Meisterbetrieb","article_modified_time":"2022-04-18T19:06:37+00:00","og_image":[{"url":"https:\/\/krieger-ie.de\/wp-content\/uploads\/2022\/03\/PHOTOVOLTAIK_Pict-1.png","type":"","width":"","height":""}],"twitter_card":"summary_large_image","twitter_misc":{"Gesch\u00e4tzte Lesezeit":"3\u00a0Minuten"},"schema":{"@context":"https:\/\/schema.org","@graph":[{"@type":"WebPage","@id":"https:\/\/krieger-ie.de\/index.php\/photovoltaik\/","url":"https:\/\/krieger-ie.de\/index.php\/photovoltaik\/","name":"Photovoltaik - MKE GmbH - Elektrotechnik Meisterbetrieb","isPartOf":{"@id":"https:\/\/krieger-ie.de\/#website"},"primaryImageOfPage":{"@id":"https:\/\/krieger-ie.de\/index.php\/photovoltaik\/#primaryimage"},"image":{"@id":"https:\/\/krieger-ie.de\/index.php\/photovoltaik\/#primaryimage"},"thumbnailUrl":"https:\/\/krieger-ie.de\/wp-content\/uploads\/2022\/03\/PHOTOVOLTAIK_Pict-1.png","datePublished":"2022-01-17T09:00:09+00:00","dateModified":"2022-04-18T19:06:37+00:00","breadcrumb":{"@id":"https:\/\/krieger-ie.de\/index.php\/photovoltaik\/#breadcrumb"},"inLanguage":"de","potentialAction":[{"@type":"ReadAction","target":["https:\/\/krieger-ie.de\/index.php\/photovoltaik\/"]}]},{"@type":"ImageObject","inLanguage":"de","@id":"https:\/\/krieger-ie.de\/index.php\/photovoltaik\/#primaryimage","url":"https:\/\/krieger-ie.de\/wp-content\/uploads\/2022\/03\/PHOTOVOLTAIK_Pict-1.png","contentUrl":"https:\/\/krieger-ie.de\/wp-content\/uploads\/2022\/03\/PHOTOVOLTAIK_Pict-1.png","width":72,"height":71},{"@type":"BreadcrumbList","@id":"https:\/\/krieger-ie.de\/index.php\/photovoltaik\/#breadcrumb","itemListElement":[{"@type":"ListItem","position":1,"name":"Home","item":"https:\/\/krieger-ie.de\/"},{"@type":"ListItem","position":2,"name":"Photovoltaik"}]},{"@type":"WebSite","@id":"https:\/\/krieger-ie.de\/#website","url":"https:\/\/krieger-ie.de\/","name":"MKE GmbH - Elektrotechnik Meisterbetrieb","description":"H\u00f6heischweiler, Pirmasens, Zweibr\u00fccken und in der Westpfalz","potentialAction":[{"@type":"SearchAction","target":{"@type":"EntryPoint","urlTemplate":"https:\/\/krieger-ie.de\/?s={search_term_string}"},"query-input":{"@type":"PropertyValueSpecification","valueRequired":true,"valueName":"search_term_string"}}],"inLanguage":"de"}]}},"_links":{"self":[{"href":"https:\/\/krieger-ie.de\/index.php\/wp-json\/wp\/v2\/pages\/6459","targetHints":{"allow":["GET"]}}],"collection":[{"href":"https:\/\/krieger-ie.de\/index.php\/wp-json\/wp\/v2\/pages"}],"about":[{"href":"https:\/\/krieger-ie.de\/index.php\/wp-json\/wp\/v2\/types\/page"}],"author":[{"embeddable":true,"href":"https:\/\/krieger-ie.de\/index.php\/wp-json\/wp\/v2\/users\/2"}],"replies":[{"embeddable":true,"href":"https:\/\/krieger-ie.de\/index.php\/wp-json\/wp\/v2\/comments?post=6459"}],"version-history":[{"count":69,"href":"https:\/\/krieger-ie.de\/index.php\/wp-json\/wp\/v2\/pages\/6459\/revisions"}],"predecessor-version":[{"id":7077,"href":"https:\/\/krieger-ie.de\/index.php\/wp-json\/wp\/v2\/pages\/6459\/revisions\/7077"}],"wp:attachment":[{"href":"https:\/\/krieger-ie.de\/index.php\/wp-json\/wp\/v2\/media?parent=6459"}],"curies":[{"name":"wp","href":"https:\/\/api.w.org\/{rel}","templated":true}]}}